{"id":5317,"date":"2023-09-27T13:03:19","date_gmt":"2023-09-27T13:03:19","guid":{"rendered":"https:\/\/sdgtalking.com\/acerca-de\/"},"modified":"2023-12-26T21:28:48","modified_gmt":"2023-12-26T21:28:48","slug":"acerca-de","status":"publish","type":"page","link":"https:\/\/sdgtalking.com\/es\/acerca-de\/","title":{"rendered":"Acerca de"},"content":{"rendered":"\n<p class=\"\">Bienvenido a SDGTalking, \u00a1su punto de referencia para los Objetivos de Desarrollo Sostenible! Fundado por Bunyamin Surmeli, SDGtalking.com es una fuente de noticias que sigue de cerca los Objetivos de Desarrollo Sostenible y los 17 objetivos globales establecidos por las Naciones Unidas y sus avances en todo el mundo.<\/p>\n\n\n\n<p class=\"\">La plataforma ofrece a sus lectores noticias actualizadas, historias de \u00e9xito e importantes avances en materia de sostenibilidad social, econ\u00f3mica y medioambiental.<\/p>\n\n\n\n<p class=\"\">SDGtalking.com pretende concienciar sobre los Objetivos de Desarrollo Sostenible, educar al p\u00fablico e inspirar la acci\u00f3n para construir un mundo m\u00e1s sostenible.<\/p>\n\n\n\n<div style=\"height:100px\" aria-hidden=\"true\" class=\"wp-block-spacer\"><\/div>\n\n\n\n<div class=\"wp-block-columns is-layout-flex wp-container-core-columns-is-layout-d8aed395 wp-block-columns-is-layout-flex\">\n<div class=\"wp-block-column is-layout-flow wp-block-column-is-layout-flow\"><\/div>\n\n\n\n<div class=\"wp-block-column is-layout-flow wp-block-column-is-layout-flow\"><\/div>\n\n\n\n<div class=\"wp-block-column is-layout-flow wp-block-column-is-layout-flow\"><\/div>\n<\/div>\n\n\n\n<div style=\"height:100px\" aria-hidden=\"true\" class=\"wp-block-spacer\"><\/div>\n\n\n\n<div class=\"wp-block-columns is-layout-flex wp-container-core-columns-is-layout-9d6595d7 wp-block-columns-is-layout-flex\">\n<div class=\"wp-block-column is-vertically-aligned-center is-layout-flow wp-block-column-is-layout-flow\" style=\"flex-basis:33.33%\">\n<p class=\"has-primary-color has-text-color has-large-font-size\" style=\"font-style:normal;font-weight:600\"><\/p>\n\n\n\n<p class=\"has-medium-font-size\" style=\"font-style:normal;font-weight:500\"><\/p>\n<\/div>\n\n\n\n<div class=\"wp-block-column is-vertically-aligned-center is-layout-flow wp-block-column-is-layout-flow\" style=\"flex-basis:33.33%\"><\/div>\n\n\n\n<div class=\"negative-left-margin wp-block-column is-vertically-aligned-bottom is-layout-flow wp-block-column-is-layout-flow\" style=\"flex-basis:33.33%\">\n<div class=\"wp-block-group has-secondary-foreground-color has-secondary-background-background-color has-text-color has-background has-x-large-font-size\" style=\"padding-top:60px;padding-right:60px;padding-bottom:60px;padding-left:60px;font-style:normal;font-weight:700\"><div class=\"wp-block-group__inner-container is-layout-flow wp-block-group-is-layout-flow\">\n<p class=\"\"><\/p>\n<\/div><\/div>\n<\/div>\n<\/div>\n\n\n\n<div style=\"height:100px\" aria-hidden=\"true\" class=\"wp-block-spacer\"><\/div>\n\n\n\n<p class=\"\"><\/p>\n\n\n\n<p class=\"\"><\/p>\n\n\n\n<div style=\"height:50px\" aria-hidden=\"true\" class=\"wp-block-spacer\"><\/div>\n","protected":false},"excerpt":{"rendered":"Bienvenido a SDGTalking, \u00a1su punto de referencia para los Objetivos de Desarrollo Sostenible! Fundado por Bunyamin Surmeli, SDGtalking.com&hellip;\n","protected":false},"author":1,"featured_media":0,"parent":0,"menu_order":0,"comment_status":"closed","ping_status":"closed","template":"","meta":{"tpgb_global_settings":"","nf_dc_page":"","googlesitekit_rrm_CAowtNfFDA:productID":"","sdgbot_seo_title":"","sdgbot_seo_description":"","yoast_wpseo_title":"","yoast_wpseo_metadesc":"","csco_singular_sidebar":"","csco_page_header_type":"","csco_appearance_masonry":"","csco_page_load_nextpost":"","csco_post_video_location":[],"csco_post_video_location_hash":"","csco_post_video_url":"","csco_post_video_bg_start_time":0,"csco_post_video_bg_end_time":0,"footnotes":""},"class_list":{"0":"post-5317","1":"page","2":"type-page","3":"status-publish","5":"cs-entry","6":"cs-video-wrap"},"yoast_head":"<!-- This site is optimized with the Yoast SEO plugin v27.4 - https:\/\/yoast.com\/product\/yoast-seo-wordpress\/ -->\n<title>Acerca de - SDGTalking<\/title>\n<meta name=\"description\" content=\"The site provides its readers with current news, success stories, and significant developments related to social, economic, and environmental sustainability.\" \/>\n<meta name=\"robots\" content=\"index, follow, max-snippet:-1, max-image-preview:large, max-video-preview:-1\" \/>\n<link rel=\"canonical\" href=\"https:\/\/sdgtalking.com\/es\/acerca-de\/\" \/>\n<meta property=\"og:locale\" content=\"es_ES\" \/>\n<meta property=\"og:type\" content=\"article\" \/>\n<meta property=\"og:title\" content=\"Acerca de - SDGTalking\" \/>\n<meta property=\"og:description\" content=\"The site provides its readers with current news, success stories, and significant developments related to social, economic, and environmental sustainability.\" \/>\n<meta property=\"og:url\" content=\"https:\/\/sdgtalking.com\/es\/acerca-de\/\" \/>\n<meta property=\"og:site_name\" content=\"SDGTalking\" \/>\n<meta property=\"article:modified_time\" content=\"2023-12-26T21:28:48+00:00\" \/>\n<meta name=\"twitter:card\" content=\"summary_large_image\" \/>\n<script type=\"application\/ld+json\" class=\"yoast-schema-graph\">{\"@context\":\"https:\\\/\\\/schema.org\",\"@graph\":[{\"@type\":\"WebPage\",\"@id\":\"https:\\\/\\\/sdgtalking.com\\\/es\\\/acerca-de\\\/\",\"url\":\"https:\\\/\\\/sdgtalking.com\\\/es\\\/acerca-de\\\/\",\"name\":\"Acerca de - SDGTalking\",\"isPartOf\":{\"@id\":\"https:\\\/\\\/sdgtalking.com\\\/es\\\/#website\"},\"datePublished\":\"2023-09-27T13:03:19+00:00\",\"dateModified\":\"2023-12-26T21:28:48+00:00\",\"description\":\"The site provides its readers with current news, success stories, and significant developments related to social, economic, and environmental sustainability.\",\"breadcrumb\":{\"@id\":\"https:\\\/\\\/sdgtalking.com\\\/es\\\/acerca-de\\\/#breadcrumb\"},\"inLanguage\":\"es\",\"potentialAction\":[{\"@type\":\"ReadAction\",\"target\":[\"https:\\\/\\\/sdgtalking.com\\\/es\\\/acerca-de\\\/\"]}]},{\"@type\":\"BreadcrumbList\",\"@id\":\"https:\\\/\\\/sdgtalking.com\\\/es\\\/acerca-de\\\/#breadcrumb\",\"itemListElement\":[{\"@type\":\"ListItem\",\"position\":1,\"name\":\"Home\",\"item\":\"https:\\\/\\\/sdgtalking.com\\\/es\\\/pagina-de-inicio\\\/\"},{\"@type\":\"ListItem\",\"position\":2,\"name\":\"Acerca de\"}]},{\"@type\":\"WebSite\",\"@id\":\"https:\\\/\\\/sdgtalking.com\\\/es\\\/#website\",\"url\":\"https:\\\/\\\/sdgtalking.com\\\/es\\\/\",\"name\":\"SDGTalking\",\"description\":\"Sustainable Development Goals Talking\",\"potentialAction\":[{\"@type\":\"SearchAction\",\"target\":{\"@type\":\"EntryPoint\",\"urlTemplate\":\"https:\\\/\\\/sdgtalking.com\\\/es\\\/?s={search_term_string}\"},\"query-input\":{\"@type\":\"PropertyValueSpecification\",\"valueRequired\":true,\"valueName\":\"search_term_string\"}}],\"inLanguage\":\"es\"}]}<\/script>\n<!-- \/ Yoast SEO plugin. -->","yoast_head_json":{"title":"Acerca de - SDGTalking","description":"The site provides its readers with current news, success stories, and significant developments related to social, economic, and environmental sustainability.","robots":{"index":"index","follow":"follow","max-snippet":"max-snippet:-1","max-image-preview":"max-image-preview:large","max-video-preview":"max-video-preview:-1"},"canonical":"https:\/\/sdgtalking.com\/es\/acerca-de\/","og_locale":"es_ES","og_type":"article","og_title":"Acerca de - SDGTalking","og_description":"The site provides its readers with current news, success stories, and significant developments related to social, economic, and environmental sustainability.","og_url":"https:\/\/sdgtalking.com\/es\/acerca-de\/","og_site_name":"SDGTalking","article_modified_time":"2023-12-26T21:28:48+00:00","twitter_card":"summary_large_image","schema":{"@context":"https:\/\/schema.org","@graph":[{"@type":"WebPage","@id":"https:\/\/sdgtalking.com\/es\/acerca-de\/","url":"https:\/\/sdgtalking.com\/es\/acerca-de\/","name":"Acerca de - SDGTalking","isPartOf":{"@id":"https:\/\/sdgtalking.com\/es\/#website"},"datePublished":"2023-09-27T13:03:19+00:00","dateModified":"2023-12-26T21:28:48+00:00","description":"The site provides its readers with current news, success stories, and significant developments related to social, economic, and environmental sustainability.","breadcrumb":{"@id":"https:\/\/sdgtalking.com\/es\/acerca-de\/#breadcrumb"},"inLanguage":"es","potentialAction":[{"@type":"ReadAction","target":["https:\/\/sdgtalking.com\/es\/acerca-de\/"]}]},{"@type":"BreadcrumbList","@id":"https:\/\/sdgtalking.com\/es\/acerca-de\/#breadcrumb","itemListElement":[{"@type":"ListItem","position":1,"name":"Home","item":"https:\/\/sdgtalking.com\/es\/pagina-de-inicio\/"},{"@type":"ListItem","position":2,"name":"Acerca de"}]},{"@type":"WebSite","@id":"https:\/\/sdgtalking.com\/es\/#website","url":"https:\/\/sdgtalking.com\/es\/","name":"SDGTalking","description":"Sustainable Development Goals Talking","potentialAction":[{"@type":"SearchAction","target":{"@type":"EntryPoint","urlTemplate":"https:\/\/sdgtalking.com\/es\/?s={search_term_string}"},"query-input":{"@type":"PropertyValueSpecification","valueRequired":true,"valueName":"search_term_string"}}],"inLanguage":"es"}]}},"tpgb_featured_images":null,"tpgb_post_meta_info":{"get_date":"septiembre 27, 2023","get_modified_date":"diciembre 26, 2023","author_name":"SDGTalking","author_url":"https:\/\/sdgtalking.com\/es\/author\/wlxndimy\/","author_email":"info@sdgtalking.com","author_website":"","author_description":"","author_facebook":"","author_twitter":"","author_instagram":"","author_role":["administrator"],"author_firstname":"","author_lastname":"","user_login":"wlxndimy","author_avatar":"<img width=\"200\" height=\"200\" src=\"https:\/\/sdgtalking.com\/wp-content\/uploads\/2024\/01\/ico-light.png\" class=\"\" alt=\"\" size=\"200\" default=\"mm\" force_default=\"\" rating=\"g\" scheme=\"\" processed_args=\"\" extra_attr=\"\" force_display=\"\" loading=\"lazy\" fetchpriority=\"\" decoding=\"async\" found_avatar=\"1\" url=\"https:\/\/secure.gravatar.com\/avatar\/002a8b7fafbf8f6f565c2652214f86d07257b86366d979e8ee7b217e97f4e9fb?s=200&amp;d=mm&amp;r=g\" srcset=\"https:\/\/sdgtalking.com\/wp-content\/uploads\/2024\/01\/ico-light.png 161w, https:\/\/sdgtalking.com\/wp-content\/uploads\/2024\/01\/ico-light-150x150.png 150w, https:\/\/sdgtalking.com\/wp-content\/uploads\/2024\/01\/ico-light-80x80.png 80w, https:\/\/sdgtalking.com\/wp-content\/uploads\/2024\/01\/ico-light-110x110.png 110w\" sizes=\"auto, (max-width: 161px) 100vw, 161px\" \/>","author_avatar_url":"https:\/\/secure.gravatar.com\/avatar\/002a8b7fafbf8f6f565c2652214f86d07257b86366d979e8ee7b217e97f4e9fb?s=96&d=mm&r=g","comment_count":0,"post_likes":0,"post_views":0},"tpgb_post_category":[],"_links":{"self":[{"href":"https:\/\/sdgtalking.com\/es\/wp-json\/wp\/v2\/pages\/5317","targetHints":{"allow":["GET"]}}],"collection":[{"href":"https:\/\/sdgtalking.com\/es\/wp-json\/wp\/v2\/pages"}],"about":[{"href":"https:\/\/sdgtalking.com\/es\/wp-json\/wp\/v2\/types\/page"}],"author":[{"embeddable":true,"href":"https:\/\/sdgtalking.com\/es\/wp-json\/wp\/v2\/users\/1"}],"replies":[{"embeddable":true,"href":"https:\/\/sdgtalking.com\/es\/wp-json\/wp\/v2\/comments?post=5317"}],"version-history":[{"count":5,"href":"https:\/\/sdgtalking.com\/es\/wp-json\/wp\/v2\/pages\/5317\/revisions"}],"predecessor-version":[{"id":6121,"href":"https:\/\/sdgtalking.com\/es\/wp-json\/wp\/v2\/pages\/5317\/revisions\/6121"}],"wp:attachment":[{"href":"https:\/\/sdgtalking.com\/es\/wp-json\/wp\/v2\/media?parent=5317"}],"curies":[{"name":"wp","href":"https:\/\/api.w.org\/{rel}","templated":true}]}}