{"id":6795,"date":"2024-01-17T15:15:18","date_gmt":"2024-01-17T15:15:18","guid":{"rendered":"https:\/\/sdgtalking.com\/kunye\/"},"modified":"2024-04-10T20:45:19","modified_gmt":"2024-04-10T20:45:19","slug":"kunye","status":"publish","type":"page","link":"https:\/\/sdgtalking.com\/tr\/kunye\/","title":{"rendered":"K\u00fcnye"},"content":{"rendered":"\n<p class=\"\"><\/p>\n\n<p class=\"has-text-align-center has-medium-font-size\"><strong>Kurucu<\/strong><br\/>B\u00fcnyamin S\u00fcrmeli<br\/><br\/><strong>Yay\u0131n Koordinat\u00f6r\u00fc<\/strong><br\/>Dilek Kaya<br\/><br\/><strong>Haber Koordinat\u00f6r\u00fc<\/strong><br\/>B\u00fcnyamin S\u00fcrmeli<strong><br\/><\/strong>Dilek Kaya<br\/><br\/><strong>Dijital Yay\u0131nlar Genel Y\u00f6netmeni<\/strong><br\/>Berk Y\u0131lmaz<\/p>\n\n<p class=\"has-text-align-center has-medium-font-size\"><strong>B\u00f6lge Temsilcileri<\/strong><br\/>Duyurulacak<\/p>\n\n<hr class=\"is-style-wide wp-block-separator has-alpha-channel-opacity cnvs-block-core-separator-1705504470131\"\/>\n\n<p class=\"has-text-align-center has-medium-font-size\"><strong>Yay\u0131n Haz\u0131rl\u0131k Merkezi<\/strong><br\/>21-21 30th Ave, Astoria, NY 11102<br\/><strong>Tlf:<\/strong> 1 (718) 551-53 46<br\/><a href=\"mailto:info@sdgtalking.com\">info@sdgtalking.com<\/a><\/p>\n\n<div class=\"wp-block-columns is-layout-flex wp-container-core-columns-is-layout-9d6595d7 wp-block-columns-is-layout-flex\">\n<div class=\"wp-block-column is-layout-flow wp-block-column-is-layout-flow\" style=\"flex-basis:525px\">\n<iframe src=\"https:\/\/www.google.com\/maps\/embed?pb=!1m18!1m12!1m3!1d1796.6848607071213!2d-73.92811320742851!3d40.76968437455752!2m3!1f0!2f0!3f0!3m2!1i1024!2i768!4f13.1!3m3!1m2!1s0x89c25f48fbf73a43%3A0xccd2164bcc27c98f!2s21-21%2030th%20Ave.%2C%20Astoria%2C%20NY%2011102%2C%20Amerika%20Birle%C5%9Fik%20Devletleri!5e0!3m2!1str!2str!4v1705503841045!5m2!1str!2str\" width=\"600\" height=\"550\" style=\"border:0;\" allowfullscreen=\"\" loading=\"lazy\" referrerpolicy=\"no-referrer-when-downgrade\"><\/iframe>\n<\/div>\n\n\n\n<div class=\"wp-block-column is-layout-flow wp-block-column-is-layout-flow\">\n<p class=\"has-medium-font-size\"><strong>\u0130leti\u015fim Formu<\/strong><\/p>\n\n\n<p class=\"wpcf7-contact-form-not-found\"><strong>Hata:<\/strong> \u0130leti\u015fim formu bulunamad\u0131.<\/p>\n<\/div>\n<\/div>\n","protected":false},"excerpt":{"rendered":"KurucuB\u00fcnyamin S\u00fcrmeli Yay\u0131n Koordinat\u00f6r\u00fcDilek Kaya Haber Koordinat\u00f6r\u00fcB\u00fcnyamin S\u00fcrmeliDilek Kaya Dijital Yay\u0131nlar Genel Y\u00f6netmeniBerk Y\u0131lmaz B\u00f6lge TemsilcileriDuyurulacak Yay\u0131n Haz\u0131rl\u0131k&hellip;\n","protected":false},"author":2,"featured_media":0,"parent":0,"menu_order":0,"comment_status":"closed","ping_status":"closed","template":"","meta":{"tpgb_global_settings":"","nf_dc_page":"","googlesitekit_rrm_CAowtNfFDA:productID":"","sdgbot_seo_title":"","sdgbot_seo_description":"","yoast_wpseo_title":"","yoast_wpseo_metadesc":"","csco_singular_sidebar":"","csco_page_header_type":"","csco_appearance_masonry":"","csco_page_load_nextpost":"","csco_post_video_location":[],"csco_post_video_location_hash":"","csco_post_video_url":"","csco_post_video_bg_start_time":0,"csco_post_video_bg_end_time":0,"footnotes":""},"class_list":{"0":"post-6795","1":"page","2":"type-page","3":"status-publish","5":"cs-entry","6":"cs-video-wrap"},"yoast_head":"<!-- This site is optimized with the Yoast SEO plugin v27.4 - https:\/\/yoast.com\/product\/yoast-seo-wordpress\/ -->\n<title>K\u00fcnye - SDGTalking<\/title>\n<meta name=\"description\" content=\"The site provides its readers with current news, success stories, and significant developments related to social, economic, and environmental sustainability.\" \/>\n<meta name=\"robots\" content=\"index, follow, max-snippet:-1, max-image-preview:large, max-video-preview:-1\" \/>\n<link rel=\"canonical\" href=\"https:\/\/sdgtalking.com\/tr\/kunye\/\" \/>\n<meta property=\"og:locale\" content=\"tr_TR\" \/>\n<meta property=\"og:type\" content=\"article\" \/>\n<meta property=\"og:title\" content=\"K\u00fcnye - SDGTalking\" \/>\n<meta property=\"og:description\" content=\"The site provides its readers with current news, success stories, and significant developments related to social, economic, and environmental sustainability.\" \/>\n<meta property=\"og:url\" content=\"https:\/\/sdgtalking.com\/tr\/kunye\/\" \/>\n<meta property=\"og:site_name\" content=\"SDGTalking\" \/>\n<meta property=\"article:modified_time\" content=\"2024-04-10T20:45:19+00:00\" \/>\n<meta name=\"twitter:card\" content=\"summary_large_image\" \/>\n<script type=\"application\/ld+json\" class=\"yoast-schema-graph\">{\"@context\":\"https:\\\/\\\/schema.org\",\"@graph\":[{\"@type\":\"WebPage\",\"@id\":\"https:\\\/\\\/sdgtalking.com\\\/tr\\\/kunye\\\/\",\"url\":\"https:\\\/\\\/sdgtalking.com\\\/tr\\\/kunye\\\/\",\"name\":\"K\u00fcnye - SDGTalking\",\"isPartOf\":{\"@id\":\"https:\\\/\\\/sdgtalking.com\\\/tr\\\/#website\"},\"datePublished\":\"2024-01-17T15:15:18+00:00\",\"dateModified\":\"2024-04-10T20:45:19+00:00\",\"description\":\"The site provides its readers with current news, success stories, and significant developments related to social, economic, and environmental sustainability.\",\"breadcrumb\":{\"@id\":\"https:\\\/\\\/sdgtalking.com\\\/tr\\\/kunye\\\/#breadcrumb\"},\"inLanguage\":\"tr\",\"potentialAction\":[{\"@type\":\"ReadAction\",\"target\":[\"https:\\\/\\\/sdgtalking.com\\\/tr\\\/kunye\\\/\"]}]},{\"@type\":\"BreadcrumbList\",\"@id\":\"https:\\\/\\\/sdgtalking.com\\\/tr\\\/kunye\\\/#breadcrumb\",\"itemListElement\":[{\"@type\":\"ListItem\",\"position\":1,\"name\":\"Home\",\"item\":\"https:\\\/\\\/sdgtalking.com\\\/tr\\\/anasayfa\\\/\"},{\"@type\":\"ListItem\",\"position\":2,\"name\":\"K\u00fcnye\"}]},{\"@type\":\"WebSite\",\"@id\":\"https:\\\/\\\/sdgtalking.com\\\/tr\\\/#website\",\"url\":\"https:\\\/\\\/sdgtalking.com\\\/tr\\\/\",\"name\":\"SDGTalking\",\"description\":\"Sustainable Development Goals Talking\",\"potentialAction\":[{\"@type\":\"SearchAction\",\"target\":{\"@type\":\"EntryPoint\",\"urlTemplate\":\"https:\\\/\\\/sdgtalking.com\\\/tr\\\/?s={search_term_string}\"},\"query-input\":{\"@type\":\"PropertyValueSpecification\",\"valueRequired\":true,\"valueName\":\"search_term_string\"}}],\"inLanguage\":\"tr\"}]}<\/script>\n<!-- \/ Yoast SEO plugin. -->","yoast_head_json":{"title":"K\u00fcnye - SDGTalking","description":"The site provides its readers with current news, success stories, and significant developments related to social, economic, and environmental sustainability.","robots":{"index":"index","follow":"follow","max-snippet":"max-snippet:-1","max-image-preview":"max-image-preview:large","max-video-preview":"max-video-preview:-1"},"canonical":"https:\/\/sdgtalking.com\/tr\/kunye\/","og_locale":"tr_TR","og_type":"article","og_title":"K\u00fcnye - SDGTalking","og_description":"The site provides its readers with current news, success stories, and significant developments related to social, economic, and environmental sustainability.","og_url":"https:\/\/sdgtalking.com\/tr\/kunye\/","og_site_name":"SDGTalking","article_modified_time":"2024-04-10T20:45:19+00:00","twitter_card":"summary_large_image","schema":{"@context":"https:\/\/schema.org","@graph":[{"@type":"WebPage","@id":"https:\/\/sdgtalking.com\/tr\/kunye\/","url":"https:\/\/sdgtalking.com\/tr\/kunye\/","name":"K\u00fcnye - SDGTalking","isPartOf":{"@id":"https:\/\/sdgtalking.com\/tr\/#website"},"datePublished":"2024-01-17T15:15:18+00:00","dateModified":"2024-04-10T20:45:19+00:00","description":"The site provides its readers with current news, success stories, and significant developments related to social, economic, and environmental sustainability.","breadcrumb":{"@id":"https:\/\/sdgtalking.com\/tr\/kunye\/#breadcrumb"},"inLanguage":"tr","potentialAction":[{"@type":"ReadAction","target":["https:\/\/sdgtalking.com\/tr\/kunye\/"]}]},{"@type":"BreadcrumbList","@id":"https:\/\/sdgtalking.com\/tr\/kunye\/#breadcrumb","itemListElement":[{"@type":"ListItem","position":1,"name":"Home","item":"https:\/\/sdgtalking.com\/tr\/anasayfa\/"},{"@type":"ListItem","position":2,"name":"K\u00fcnye"}]},{"@type":"WebSite","@id":"https:\/\/sdgtalking.com\/tr\/#website","url":"https:\/\/sdgtalking.com\/tr\/","name":"SDGTalking","description":"Sustainable Development Goals Talking","potentialAction":[{"@type":"SearchAction","target":{"@type":"EntryPoint","urlTemplate":"https:\/\/sdgtalking.com\/tr\/?s={search_term_string}"},"query-input":{"@type":"PropertyValueSpecification","valueRequired":true,"valueName":"search_term_string"}}],"inLanguage":"tr"}]}},"tpgb_featured_images":null,"tpgb_post_meta_info":{"get_date":"Ocak 17, 2024","get_modified_date":"Nisan 10, 2024","author_name":"Berk Y\u0131lmaz","author_url":"https:\/\/sdgtalking.com\/tr\/author\/adomino\/","author_email":"m.berkeyilmaz@gmail.com","author_website":"","author_description":"","author_facebook":"","author_twitter":"","author_instagram":"","author_role":["administrator"],"author_firstname":"Berk","author_lastname":"Y\u0131lmaz","user_login":"adomino","author_avatar":"<img src=\"https:\/\/sdgtalking.com\/wp-content\/plugins\/profilegrid-user-profiles-groups-and-communities\/public\/\/partials\/images\/admin-default-user.png\" width=\"200\" height=\"200\" class=\"user-profile-image\" \/>","author_avatar_url":"https:\/\/secure.gravatar.com\/avatar\/b5c576dfacd16f907aef18ef438948938d9b126fb50f9b7ea3e3b9f8ede20a67?s=96&d=mm&r=g","comment_count":0,"post_likes":0,"post_views":0},"tpgb_post_category":[],"_links":{"self":[{"href":"https:\/\/sdgtalking.com\/tr\/wp-json\/wp\/v2\/pages\/6795","targetHints":{"allow":["GET"]}}],"collection":[{"href":"https:\/\/sdgtalking.com\/tr\/wp-json\/wp\/v2\/pages"}],"about":[{"href":"https:\/\/sdgtalking.com\/tr\/wp-json\/wp\/v2\/types\/page"}],"author":[{"embeddable":true,"href":"https:\/\/sdgtalking.com\/tr\/wp-json\/wp\/v2\/users\/2"}],"replies":[{"embeddable":true,"href":"https:\/\/sdgtalking.com\/tr\/wp-json\/wp\/v2\/comments?post=6795"}],"version-history":[{"count":5,"href":"https:\/\/sdgtalking.com\/tr\/wp-json\/wp\/v2\/pages\/6795\/revisions"}],"predecessor-version":[{"id":7136,"href":"https:\/\/sdgtalking.com\/tr\/wp-json\/wp\/v2\/pages\/6795\/revisions\/7136"}],"wp:attachment":[{"href":"https:\/\/sdgtalking.com\/tr\/wp-json\/wp\/v2\/media?parent=6795"}],"curies":[{"name":"wp","href":"https:\/\/api.w.org\/{rel}","templated":true}]}}