{"id":7100,"date":"2019-12-25T09:08:25","date_gmt":"2019-12-25T09:08:25","guid":{"rendered":"https:\/\/sdgtalking.com\/yazarlar\/"},"modified":"2024-04-06T22:05:27","modified_gmt":"2024-04-06T22:05:27","slug":"yazarlar","status":"publish","type":"page","link":"https:\/\/sdgtalking.com\/tr\/yazarlar\/","title":{"rendered":"Yazarlar"},"content":{"rendered":"\n<h2 id=\"kurucu\" class=\"is-style-default wp-block-heading\">Kurucu<\/h2>\n\n<div class=\"cnvs-block-row cnvs-block-row-1564574271321 cnvs-block-row-columns-2\" >\n\t<div class=\"cnvs-block-row-inner\">\n\t\t\n\n<div class=\"cnvs-block-column cnvs-block-column-1564574271364\" >\n\t<div class=\"cnvs-block-column-inner\">\n\t\t<div>\n\t\t\t\n\n<div class=\"is-style-cnvs-block-bg-light wp-block-group\"><div class=\"wp-block-group__inner-container is-layout-flow wp-block-group-is-layout-flow\"><div class=\"cnvs-block-author cnvs-block-author-1564574276138\" >\t\t<div class=\"widget-body\">\n\t\t\t<div class=\"pk-widget-author pk-widget-author-with-bg\">\n\t\t\t\t\t\t\t\t\t<div class=\"pk-widget-author-bg\">\n\t\t\t\t\t\t<img loading=\"lazy\" decoding=\"async\" width=\"380\" height=\"217\" src=\"https:\/\/sdgtalking.com\/wp-content\/uploads\/2023\/10\/un-flag-380x217.jpeg\" class=\"attachment-csco-thumbnail-uncropped size-csco-thumbnail-uncropped\" alt=\"\" srcset=\"https:\/\/sdgtalking.com\/wp-content\/uploads\/2023\/10\/un-flag-380x217.jpeg 380w, https:\/\/sdgtalking.com\/wp-content\/uploads\/2023\/10\/un-flag-300x171.jpeg 300w, https:\/\/sdgtalking.com\/wp-content\/uploads\/2023\/10\/un-flag-768x439.jpeg 768w, https:\/\/sdgtalking.com\/wp-content\/uploads\/2023\/10\/un-flag-550x314.jpeg 550w, https:\/\/sdgtalking.com\/wp-content\/uploads\/2023\/10\/un-flag-800x457.jpeg 800w, https:\/\/sdgtalking.com\/wp-content\/uploads\/2023\/10\/un-flag.jpeg 1024w\" sizes=\"auto, (max-width: 380px) 100vw, 380px\" \/>\t\t\t\t\t<\/div>\n\t\t\t\t\n\t\t\t\t<div class=\"pk-widget-author-container pk-bg-overlay\">\n\t\t\t\t\t\n\t\t\t\t\t\n\t\t\t\t\t<h5 id=\"bunyamin-surmeli\" class=\"pk-author-title\">\n\t\t\t\t\t\t<a href=\"https:\/\/sdgtalking.com\/tr\/author\/bunyamin-surmeli\/\" rel=\"author\">\n\t\t\t\t\t\t\tB\u00fcnyamin S\u00fcrmeli\t\t\t\t\t\t<\/a>\n\t\t\t\t\t<\/h5>\n\n\t\t\t\t\t\t\t\t\t\t\t<div class=\"pk-author-avatar\">\n\t\t\t\t\t\t\t<a href=\"https:\/\/sdgtalking.com\/tr\/author\/bunyamin-surmeli\/\" rel=\"author\">\n\t\t\t\t\t\t\t\t<img loading=\"lazy\" decoding=\"async\" width=\"80\" height=\"80\" src=\"https:\/\/sdgtalking.com\/wp-content\/uploads\/2024\/01\/ico-light-80x80.png\" class=\"\" alt=\"\" size=\"80\" default=\"mm\" force_default=\"\" rating=\"g\" scheme=\"\" processed_args=\"\" extra_attr=\"\" force_display=\"\" loading=\"\" fetchpriority=\"\" found_avatar=\"1\" url=\"https:\/\/secure.gravatar.com\/avatar\/eb0c3cb3b110137c1a858531f22594f91620bfce86c29d465378b7cf801c8f58?s=80&amp;d=mm&amp;r=g\" srcset=\"https:\/\/sdgtalking.com\/wp-content\/uploads\/2024\/01\/ico-light-80x80.png 80w, https:\/\/sdgtalking.com\/wp-content\/uploads\/2024\/01\/ico-light-150x150.png 150w, https:\/\/sdgtalking.com\/wp-content\/uploads\/2024\/01\/ico-light-110x110.png 110w, https:\/\/sdgtalking.com\/wp-content\/uploads\/2024\/01\/ico-light.png 161w\" sizes=\"auto, (max-width: 80px) 100vw, 80px\" \/>\t\t\t\t\t\t\t<\/a>\n\t\t\t\t\t\t<\/div>\n\t\t\t\t\t\n\t\t\t\t\t<div class=\"pk-author-data\">\n\t\t\t\t\t\t\t\t<div class=\"pk-author-social-links pk-social-links-wrap pk-social-links-template-default\">\n\t\t\t<div class=\"pk-social-links-items\">\n\t\t\t\t\t\t\t\t\t\t<div class=\"pk-social-links-item pk-social-links-website\">\n\t\t\t\t\t\t\t<a href=\"https:\/\/sdgtalking.com\/\" class=\"pk-social-links-link\" target=\"_blank\" rel=\"\">\n\t\t\t\t\t\t\t\t<i class=\"pk-icon pk-icon-website\"><\/i>\n\t\t\t\t\t\t\t\t\t\t\t\t\t\t\t<\/a>\n\t\t\t\t\t\t<\/div>\n\t\t\t\t\t\t\t\t<\/div>\n\t\t<\/div>\n\t\t\n\t\t\t\t\t\t\t\t\t\t\t\t\t\t<div class=\"pk-author-footer\">\n\t\t\t\t\t\t\t\t\t\t<div class=\"wp-block-button\">\n\t\t<a class=\"wp-block-button__link\" href=\"https:\/\/sdgtalking.com\/tr\/author\/bunyamin-surmeli\/\" target=\"\">\n\t\t\tView Posts\t\t<\/a>\n\t<\/div>\n\t\t\t\t\t\t\t\t\t<\/div>\n\t\t\t\t\t\t\t\t\t\t\t\t\t<\/div>\n\t\t\t\t<\/div>\n\t\t\t<\/div>\n\t\t<\/div>\n\t<\/div><\/div><\/div>\n\n\t\t<\/div>\n\t<\/div>\n<\/div>\n\n\n\n<div class=\"cnvs-block-column cnvs-block-column-1564574271422\" >\n\t<div class=\"cnvs-block-column-inner\">\n\t\t<div>\n\t\t\t\n\n<p class=\"\"> Nec nascetur mus vici. Dolor rhoncus augue quisque parturient etiam imperdiet sit nisi tellus veni faucibus orci. Imperdiet venenatis nec odio ac nullam rhoncus curabitur montes dapibus sem eu ante. <\/p>\n\n\n\n<p class=\"\">Condimentum a nec. Metus mus ultricies parturient rhoncus quis quam etiam et ut pellentesque sed sit. Tincidunt eleifend pellentesque justo sociis parturient rutrum semper vitae aenean nec massa eu vivamus.<\/p>\n\n\t\t<\/div>\n\t<\/div>\n<\/div>\n\n\t<\/div>\n<\/div>\n\n<h2 id=\"katki-saglayan-yazarlar\" class=\"wp-block-heading\">Katk\u0131 Sa\u011flayan Yazarlar<\/h2>\n\n<div class=\"is-style-cnvs-block-bg-light wp-block-group\"><div class=\"wp-block-group__inner-container is-layout-flow wp-block-group-is-layout-flow\"><div class=\"cnvs-block-contributors cnvs-block-contributors-1564574673947\" >\t\t<div class=\"widget-body\">\n\t\t\t\t\t\t\t<div class=\"pk-widget-contributors\">\n\t\t\t\t\t\t\t\t\t\t\t\t<div class=\"pk-author-item\">\n\t\t\t\t\t\t\t\t\t\t\t\t\t\t\t\t\t<div class=\"pk-author-avatar\">\n\t\t\t\t\t\t\t\t\t\t<a href=\"https:\/\/sdgtalking.com\/tr\/author\/bunyamin-surmeli\/\" rel=\"author\">\n\t\t\t\t\t\t\t\t\t\t\t<img loading=\"lazy\" decoding=\"async\" width=\"80\" height=\"80\" src=\"https:\/\/sdgtalking.com\/wp-content\/uploads\/2024\/01\/ico-light-80x80.png\" class=\"\" alt=\"\" size=\"80\" default=\"mm\" force_default=\"\" rating=\"g\" scheme=\"\" processed_args=\"\" extra_attr=\"\" force_display=\"\" loading=\"\" fetchpriority=\"\" found_avatar=\"1\" url=\"https:\/\/secure.gravatar.com\/avatar\/eb0c3cb3b110137c1a858531f22594f91620bfce86c29d465378b7cf801c8f58?s=80&amp;d=mm&amp;r=g\" srcset=\"https:\/\/sdgtalking.com\/wp-content\/uploads\/2024\/01\/ico-light-80x80.png 80w, https:\/\/sdgtalking.com\/wp-content\/uploads\/2024\/01\/ico-light-150x150.png 150w, https:\/\/sdgtalking.com\/wp-content\/uploads\/2024\/01\/ico-light-110x110.png 110w, https:\/\/sdgtalking.com\/wp-content\/uploads\/2024\/01\/ico-light.png 161w\" sizes=\"auto, (max-width: 80px) 100vw, 80px\" \/>\t\t\t\t\t\t\t\t\t\t<\/a>\n\t\t\t\t\t\t\t\t\t<\/div>\n\t\t\t\t\t\t\t\t\t\t\t\t\t\t\t\t<div class=\"pk-author-data\">\n\t\t\t\t\t\t\t\t\t\n\t\t\t\t\t\t\t\t\t<h6 id=\"bunyamin-surmeli-2\" class=\"author-name\">\n\t\t\t\t\t\t\t\t\t\t<a href=\"https:\/\/sdgtalking.com\/tr\/author\/bunyamin-surmeli\/\" rel=\"author\">\n\t\t\t\t\t\t\t\t\t\t\tB\u00fcnyamin S\u00fcrmeli\t\t\t\t\t\t\t\t\t\t<\/a>\n\t\t\t\t\t\t\t\t\t<\/h6>\n\n\t\t\t\t\t\t\t\t\t\t\t\t\t\t\t\t\t\t\t<div class=\"author-description pk-color-secondary\">\n\t\t\t\t\t\t\t\t\t\t\t\t\t\t\t\t\t\t\t\t\t<\/div>\n\t\t\t\t\t\t\t\t\t\n\t\t\t\t\t\t\t\t\t\n\t\t\t\t\t\t\t\t\t\t\t\t\t\t\t\t\t\t\t\t<div class=\"pk-author-posts\">\n\t\t\t\t\t\t\t\t\t\t\t\t<h6 id=\"latest-from-bunyamin-surmeli\">Latest from B\u00fcnyamin S\u00fcrmeli:<\/h6>\n\t\t\t\t\t\t\t\t\t\t\t\t\t\t\t\t\t\t\t\t\t\t\t\t\t<div class=\"pk-author-posts-single\">\n\t\t\t\t\t\t\t\t\t\t\t\t\t\t<a href=\"https:\/\/sdgtalking.com\/es\/guterres-secretario-general-de-la-onu-pide-cooperacion-mundial-para-el-desarrollo-sostenible\/\">Guterres, Secretario General de la ONU, pide cooperaci\u00f3n mundial para el desarrollo sostenible<\/a>\n\t\t\t\t\t\t\t\t\t\t\t\t\t<\/div>\n\t\t\t\t\t\t\t\t\t\t\t\t\t\t\t\t\t\t\t\t\t\t\t\t\t\t<div class=\"pk-author-posts-single\">\n\t\t\t\t\t\t\t\t\t\t\t\t\t\t<a href=\"https:\/\/sdgtalking.com\/un-secretary-general-guterres-calls-for-global-cooperation-for-sustainable-development\/\">UN Secretary-General Guterres Calls for Global Cooperation for Sustainable Development<\/a>\n\t\t\t\t\t\t\t\t\t\t\t\t\t<\/div>\n\t\t\t\t\t\t\t\t\t\t\t\t\t\t\t\t\t\t\t\t\t\t\t\t\t\t<div class=\"pk-author-posts-single\">\n\t\t\t\t\t\t\t\t\t\t\t\t\t\t<a href=\"https:\/\/sdgtalking.com\/tr\/bm-genel-sekreteri-guterresten-surdurulebilir-kalkinma-icin-kuresel-is-birligi-cagrisi\/\">BM Genel Sekreteri Guterres&#8217;ten S\u00fcrd\u00fcr\u00fclebilir Kalk\u0131nma \u0130\u00e7in K\u00fcresel \u0130\u015f Birli\u011fi \u00c7a\u011fr\u0131s\u0131<\/a>\n\t\t\t\t\t\t\t\t\t\t\t\t\t<\/div>\n\t\t\t\t\t\t\t\t\t\t\t\t\t\t\t\t\t\t\t\t\t\t\t\t<\/div>\n\t\t\t\t\t\t\t\t\t\t\t\t\t\t\t\t\t\t\t<\/div>\n\t\t\t\t\t\t\t<\/div>\n\t\t\t\t\t\t\t\t\t\t\t\t\t<div class=\"pk-author-item\">\n\t\t\t\t\t\t\t\t\t\t\t\t\t\t\t\t\t<div class=\"pk-author-avatar\">\n\t\t\t\t\t\t\t\t\t\t<a href=\"https:\/\/sdgtalking.com\/tr\/author\/dilek-kaya\/\" rel=\"author\">\n\t\t\t\t\t\t\t\t\t\t\t<img loading=\"lazy\" decoding=\"async\" width=\"80\" height=\"80\" src=\"https:\/\/sdgtalking.com\/wp-content\/uploads\/2024\/01\/ico-light-80x80.png\" class=\"\" alt=\"\" size=\"80\" default=\"mm\" force_default=\"\" rating=\"g\" scheme=\"\" processed_args=\"\" extra_attr=\"\" force_display=\"\" loading=\"\" fetchpriority=\"\" found_avatar=\"1\" url=\"https:\/\/secure.gravatar.com\/avatar\/2b5b65f7f341962d85eae699cec45f4286577522b4d887e5bf562f23aed19ac4?s=80&amp;d=mm&amp;r=g\" srcset=\"https:\/\/sdgtalking.com\/wp-content\/uploads\/2024\/01\/ico-light-80x80.png 80w, https:\/\/sdgtalking.com\/wp-content\/uploads\/2024\/01\/ico-light-150x150.png 150w, https:\/\/sdgtalking.com\/wp-content\/uploads\/2024\/01\/ico-light-110x110.png 110w, https:\/\/sdgtalking.com\/wp-content\/uploads\/2024\/01\/ico-light.png 161w\" sizes=\"auto, (max-width: 80px) 100vw, 80px\" \/>\t\t\t\t\t\t\t\t\t\t<\/a>\n\t\t\t\t\t\t\t\t\t<\/div>\n\t\t\t\t\t\t\t\t\t\t\t\t\t\t\t\t<div class=\"pk-author-data\">\n\t\t\t\t\t\t\t\t\t\n\t\t\t\t\t\t\t\t\t<h6 id=\"sdgtalking-com\" class=\"author-name\">\n\t\t\t\t\t\t\t\t\t\t<a href=\"https:\/\/sdgtalking.com\/tr\/author\/dilek-kaya\/\" rel=\"author\">\n\t\t\t\t\t\t\t\t\t\t\tSDGtalking.com\t\t\t\t\t\t\t\t\t\t<\/a>\n\t\t\t\t\t\t\t\t\t<\/h6>\n\n\t\t\t\t\t\t\t\t\t\t\t\t\t\t\t\t\t\t\t<div class=\"author-description pk-color-secondary\">\n\t\t\t\t\t\t\t\t\t\t\t\t\t\t\t\t\t\t\t\t\t<\/div>\n\t\t\t\t\t\t\t\t\t\n\t\t\t\t\t\t\t\t\t\n\t\t\t\t\t\t\t\t\t\t\t\t\t\t\t\t\t\t\t\t<div class=\"pk-author-posts\">\n\t\t\t\t\t\t\t\t\t\t\t\t<h6 id=\"latest-from-sdgtalking-com\">Latest from SDGtalking.com:<\/h6>\n\t\t\t\t\t\t\t\t\t\t\t\t\t\t\t\t\t\t\t\t\t\t\t\t\t<div class=\"pk-author-posts-single\">\n\t\t\t\t\t\t\t\t\t\t\t\t\t\t<a href=\"https:\/\/sdgtalking.com\/artificial-intelligence-and-energy-consumption-can-a-sustainable-path-be-found\/\">Artificial Intelligence and Energy Consumption: Can a Sustainable Path Be Found?<\/a>\n\t\t\t\t\t\t\t\t\t\t\t\t\t<\/div>\n\t\t\t\t\t\t\t\t\t\t\t\t\t\t\t\t\t\t\t\t\t\t\t\t\t\t<div class=\"pk-author-posts-single\">\n\t\t\t\t\t\t\t\t\t\t\t\t\t\t<a href=\"https:\/\/sdgtalking.com\/the-critical-minerals-race-behind-the-clean-energy-transition\/\">The Critical Minerals Race Behind the Clean Energy Transition<\/a>\n\t\t\t\t\t\t\t\t\t\t\t\t\t<\/div>\n\t\t\t\t\t\t\t\t\t\t\t\t\t\t\t\t\t\t\t\t\t\t\t\t\t\t<div class=\"pk-author-posts-single\">\n\t\t\t\t\t\t\t\t\t\t\t\t\t\t<a href=\"https:\/\/sdgtalking.com\/war-vs-sustainability-how-armed-conflicts-are-reversing-decades-of-climate-progress\/\">War vs Sustainability: How Armed Conflicts Are Reversing Decades of Climate Progress<\/a>\n\t\t\t\t\t\t\t\t\t\t\t\t\t<\/div>\n\t\t\t\t\t\t\t\t\t\t\t\t\t\t\t\t\t\t\t\t\t\t\t\t<\/div>\n\t\t\t\t\t\t\t\t\t\t\t\t\t\t\t\t\t\t\t<\/div>\n\t\t\t\t\t\t\t<\/div>\n\t\t\t\t\t\t\t\t\t\t<\/div>\n\t\t\t\t\t\t<\/div>\n\t<\/div>\n\n\n<p class=\"\"><\/p>\n<\/div><\/div>\n\n<h2 id=\"tum-yazarlar\" class=\"wp-block-heading\">T\u00fcm Yazarlar<\/h2>\n\n<div class=\"is-style-cnvs-block-bg-light wp-block-group\"><div class=\"wp-block-group__inner-container is-layout-flow wp-block-group-is-layout-flow\"><div class=\"cnvs-block-contributors cnvs-block-contributors-1712435238657\" >\t\t<div class=\"widget-body\">\n\t\t\t\t\t\t\t<div class=\"pk-widget-contributors\">\n\t\t\t\t\t\t\t\t\t\t\t\t<div class=\"pk-author-item\">\n\t\t\t\t\t\t\t\t\t\t\t\t\t\t\t\t\t<div class=\"pk-author-avatar\">\n\t\t\t\t\t\t\t\t\t\t<a href=\"https:\/\/sdgtalking.com\/tr\/author\/bunyamin-surmeli\/\" rel=\"author\">\n\t\t\t\t\t\t\t\t\t\t\t<img loading=\"lazy\" decoding=\"async\" width=\"80\" height=\"80\" src=\"https:\/\/sdgtalking.com\/wp-content\/uploads\/2024\/01\/ico-light-80x80.png\" class=\"\" alt=\"\" size=\"80\" default=\"mm\" force_default=\"\" rating=\"g\" scheme=\"\" processed_args=\"\" extra_attr=\"\" force_display=\"\" loading=\"\" fetchpriority=\"\" found_avatar=\"1\" url=\"https:\/\/secure.gravatar.com\/avatar\/eb0c3cb3b110137c1a858531f22594f91620bfce86c29d465378b7cf801c8f58?s=80&amp;d=mm&amp;r=g\" srcset=\"https:\/\/sdgtalking.com\/wp-content\/uploads\/2024\/01\/ico-light-80x80.png 80w, https:\/\/sdgtalking.com\/wp-content\/uploads\/2024\/01\/ico-light-150x150.png 150w, https:\/\/sdgtalking.com\/wp-content\/uploads\/2024\/01\/ico-light-110x110.png 110w, https:\/\/sdgtalking.com\/wp-content\/uploads\/2024\/01\/ico-light.png 161w\" sizes=\"auto, (max-width: 80px) 100vw, 80px\" \/>\t\t\t\t\t\t\t\t\t\t<\/a>\n\t\t\t\t\t\t\t\t\t<\/div>\n\t\t\t\t\t\t\t\t\t\t\t\t\t\t\t\t<div class=\"pk-author-data\">\n\t\t\t\t\t\t\t\t\t\n\t\t\t\t\t\t\t\t\t<h6 id=\"bunyamin-surmeli-3\" class=\"author-name\">\n\t\t\t\t\t\t\t\t\t\t<a href=\"https:\/\/sdgtalking.com\/tr\/author\/bunyamin-surmeli\/\" rel=\"author\">\n\t\t\t\t\t\t\t\t\t\t\tB\u00fcnyamin S\u00fcrmeli\t\t\t\t\t\t\t\t\t\t<\/a>\n\t\t\t\t\t\t\t\t\t<\/h6>\n\n\t\t\t\t\t\t\t\t\t\t\t\t\t\t\t\t\t\t\t<div class=\"author-description pk-color-secondary\">\n\t\t\t\t\t\t\t\t\t\t\t\t\t\t\t\t\t\t\t\t\t<\/div>\n\t\t\t\t\t\t\t\t\t\n\t\t\t\t\t\t\t\t\t\n\t\t\t\t\t\t\t\t\t\t\t\t\t\t\t\t\t<\/div>\n\t\t\t\t\t\t\t<\/div>\n\t\t\t\t\t\t\t\t\t\t\t\t\t<div class=\"pk-author-item\">\n\t\t\t\t\t\t\t\t\t\t\t\t\t\t\t\t\t<div class=\"pk-author-avatar\">\n\t\t\t\t\t\t\t\t\t\t<a href=\"https:\/\/sdgtalking.com\/tr\/author\/dilek-kaya-2\/\" rel=\"author\">\n\t\t\t\t\t\t\t\t\t\t\t<img loading=\"lazy\" decoding=\"async\" width=\"80\" height=\"80\" src=\"https:\/\/sdgtalking.com\/wp-content\/uploads\/2024\/01\/ico-light-80x80.png\" class=\"\" alt=\"\" size=\"80\" default=\"mm\" force_default=\"\" rating=\"g\" scheme=\"\" processed_args=\"\" extra_attr=\"\" force_display=\"\" loading=\"\" fetchpriority=\"\" found_avatar=\"1\" url=\"https:\/\/secure.gravatar.com\/avatar\/430c2f05f057530fd073da3618c2c3e3611e07929c655f57514d41d3a360b717?s=80&amp;d=mm&amp;r=g\" srcset=\"https:\/\/sdgtalking.com\/wp-content\/uploads\/2024\/01\/ico-light-80x80.png 80w, https:\/\/sdgtalking.com\/wp-content\/uploads\/2024\/01\/ico-light-150x150.png 150w, https:\/\/sdgtalking.com\/wp-content\/uploads\/2024\/01\/ico-light-110x110.png 110w, https:\/\/sdgtalking.com\/wp-content\/uploads\/2024\/01\/ico-light.png 161w\" sizes=\"auto, (max-width: 80px) 100vw, 80px\" \/>\t\t\t\t\t\t\t\t\t\t<\/a>\n\t\t\t\t\t\t\t\t\t<\/div>\n\t\t\t\t\t\t\t\t\t\t\t\t\t\t\t\t<div class=\"pk-author-data\">\n\t\t\t\t\t\t\t\t\t\n\t\t\t\t\t\t\t\t\t<h6 id=\"dilek-kaya\" class=\"author-name\">\n\t\t\t\t\t\t\t\t\t\t<a href=\"https:\/\/sdgtalking.com\/tr\/author\/dilek-kaya-2\/\" rel=\"author\">\n\t\t\t\t\t\t\t\t\t\t\tDilek Kaya\t\t\t\t\t\t\t\t\t\t<\/a>\n\t\t\t\t\t\t\t\t\t<\/h6>\n\n\t\t\t\t\t\t\t\t\t\t\t\t\t\t\t\t\t\t\t<div class=\"author-description pk-color-secondary\">\n\t\t\t\t\t\t\t\t\t\t\t\t\t\t\t\t\t\t\t\t\t<\/div>\n\t\t\t\t\t\t\t\t\t\n\t\t\t\t\t\t\t\t\t\n\t\t\t\t\t\t\t\t\t\t\t\t\t\t\t\t\t<\/div>\n\t\t\t\t\t\t\t<\/div>\n\t\t\t\t\t\t\t\t\t\t\t\t\t<div class=\"pk-author-item\">\n\t\t\t\t\t\t\t\t\t\t\t\t\t\t\t\t\t<div class=\"pk-author-avatar\">\n\t\t\t\t\t\t\t\t\t\t<a href=\"https:\/\/sdgtalking.com\/tr\/author\/wlxndimy\/\" rel=\"author\">\n\t\t\t\t\t\t\t\t\t\t\t<img loading=\"lazy\" decoding=\"async\" width=\"80\" height=\"80\" src=\"https:\/\/sdgtalking.com\/wp-content\/uploads\/2024\/01\/ico-light-80x80.png\" class=\"\" alt=\"\" size=\"80\" default=\"mm\" force_default=\"\" rating=\"g\" scheme=\"\" processed_args=\"\" extra_attr=\"\" force_display=\"\" loading=\"\" fetchpriority=\"\" found_avatar=\"1\" url=\"https:\/\/secure.gravatar.com\/avatar\/002a8b7fafbf8f6f565c2652214f86d07257b86366d979e8ee7b217e97f4e9fb?s=80&amp;d=mm&amp;r=g\" srcset=\"https:\/\/sdgtalking.com\/wp-content\/uploads\/2024\/01\/ico-light-80x80.png 80w, https:\/\/sdgtalking.com\/wp-content\/uploads\/2024\/01\/ico-light-150x150.png 150w, https:\/\/sdgtalking.com\/wp-content\/uploads\/2024\/01\/ico-light-110x110.png 110w, https:\/\/sdgtalking.com\/wp-content\/uploads\/2024\/01\/ico-light.png 161w\" sizes=\"auto, (max-width: 80px) 100vw, 80px\" \/>\t\t\t\t\t\t\t\t\t\t<\/a>\n\t\t\t\t\t\t\t\t\t<\/div>\n\t\t\t\t\t\t\t\t\t\t\t\t\t\t\t\t<div class=\"pk-author-data\">\n\t\t\t\t\t\t\t\t\t\n\t\t\t\t\t\t\t\t\t<h6 id=\"sdgtalking\" class=\"author-name\">\n\t\t\t\t\t\t\t\t\t\t<a href=\"https:\/\/sdgtalking.com\/tr\/author\/wlxndimy\/\" rel=\"author\">\n\t\t\t\t\t\t\t\t\t\t\tSDGTalking\t\t\t\t\t\t\t\t\t\t<\/a>\n\t\t\t\t\t\t\t\t\t<\/h6>\n\n\t\t\t\t\t\t\t\t\t\t\t\t\t\t\t\t\t\t\t<div class=\"author-description pk-color-secondary\">\n\t\t\t\t\t\t\t\t\t\t\t\t\t\t\t\t\t\t\t\t\t<\/div>\n\t\t\t\t\t\t\t\t\t\n\t\t\t\t\t\t\t\t\t\n\t\t\t\t\t\t\t\t\t\t\t\t\t\t\t\t\t<\/div>\n\t\t\t\t\t\t\t<\/div>\n\t\t\t\t\t\t\t\t\t\t\t\t\t<div class=\"pk-author-item\">\n\t\t\t\t\t\t\t\t\t\t\t\t\t\t\t\t\t<div class=\"pk-author-avatar\">\n\t\t\t\t\t\t\t\t\t\t<a href=\"https:\/\/sdgtalking.com\/tr\/author\/dilek-kaya\/\" rel=\"author\">\n\t\t\t\t\t\t\t\t\t\t\t<img loading=\"lazy\" decoding=\"async\" width=\"80\" height=\"80\" src=\"https:\/\/sdgtalking.com\/wp-content\/uploads\/2024\/01\/ico-light-80x80.png\" class=\"\" alt=\"\" size=\"80\" default=\"mm\" force_default=\"\" rating=\"g\" scheme=\"\" processed_args=\"\" extra_attr=\"\" force_display=\"\" loading=\"\" fetchpriority=\"\" found_avatar=\"1\" url=\"https:\/\/secure.gravatar.com\/avatar\/2b5b65f7f341962d85eae699cec45f4286577522b4d887e5bf562f23aed19ac4?s=80&amp;d=mm&amp;r=g\" srcset=\"https:\/\/sdgtalking.com\/wp-content\/uploads\/2024\/01\/ico-light-80x80.png 80w, https:\/\/sdgtalking.com\/wp-content\/uploads\/2024\/01\/ico-light-150x150.png 150w, https:\/\/sdgtalking.com\/wp-content\/uploads\/2024\/01\/ico-light-110x110.png 110w, https:\/\/sdgtalking.com\/wp-content\/uploads\/2024\/01\/ico-light.png 161w\" sizes=\"auto, (max-width: 80px) 100vw, 80px\" \/>\t\t\t\t\t\t\t\t\t\t<\/a>\n\t\t\t\t\t\t\t\t\t<\/div>\n\t\t\t\t\t\t\t\t\t\t\t\t\t\t\t\t<div class=\"pk-author-data\">\n\t\t\t\t\t\t\t\t\t\n\t\t\t\t\t\t\t\t\t<h6 id=\"sdgtalking-com-2\" class=\"author-name\">\n\t\t\t\t\t\t\t\t\t\t<a href=\"https:\/\/sdgtalking.com\/tr\/author\/dilek-kaya\/\" rel=\"author\">\n\t\t\t\t\t\t\t\t\t\t\tSDGtalking.com\t\t\t\t\t\t\t\t\t\t<\/a>\n\t\t\t\t\t\t\t\t\t<\/h6>\n\n\t\t\t\t\t\t\t\t\t\t\t\t\t\t\t\t\t\t\t<div class=\"author-description pk-color-secondary\">\n\t\t\t\t\t\t\t\t\t\t\t\t\t\t\t\t\t\t\t\t\t<\/div>\n\t\t\t\t\t\t\t\t\t\n\t\t\t\t\t\t\t\t\t\n\t\t\t\t\t\t\t\t\t\t\t\t\t\t\t\t\t<\/div>\n\t\t\t\t\t\t\t<\/div>\n\t\t\t\t\t\t\t\t\t\t<\/div>\n\t\t\t\t\t\t<\/div>\n\t<\/div>\n\n\n<p class=\"\"><\/p>\n<\/div><\/div>\n","protected":false},"excerpt":{"rendered":"Kurucu Katk\u0131 Sa\u011flayan Yazarlar T\u00fcm Yazarlar\n","protected":false},"author":1,"featured_media":0,"parent":0,"menu_order":0,"comment_status":"closed","ping_status":"closed","template":"","meta":{"tpgb_global_settings":"","nf_dc_page":"","googlesitekit_rrm_CAowtNfFDA:productID":"","sdgbot_seo_title":"","sdgbot_seo_description":"","yoast_wpseo_title":"","yoast_wpseo_metadesc":"","csco_singular_sidebar":"","csco_page_header_type":"","csco_appearance_masonry":"","csco_page_load_nextpost":"","csco_post_video_location":[],"csco_post_video_location_hash":"","csco_post_video_url":"","csco_post_video_bg_start_time":0,"csco_post_video_bg_end_time":0,"footnotes":""},"class_list":{"0":"post-7100","1":"page","2":"type-page","3":"status-publish","5":"cs-entry","6":"cs-video-wrap"},"yoast_head":"<!-- This site is optimized with the Yoast SEO plugin v27.4 - https:\/\/yoast.com\/product\/yoast-seo-wordpress\/ -->\n<title>Yazarlar - SDGTalking<\/title>\n<meta name=\"description\" content=\"The site provides its readers with current news, success stories, and significant developments related to social, economic, and environmental sustainability.\" \/>\n<meta name=\"robots\" content=\"index, follow, max-snippet:-1, max-image-preview:large, max-video-preview:-1\" \/>\n<link rel=\"canonical\" href=\"https:\/\/sdgtalking.com\/tr\/yazarlar\/\" \/>\n<meta property=\"og:locale\" content=\"tr_TR\" \/>\n<meta property=\"og:type\" content=\"article\" \/>\n<meta property=\"og:title\" content=\"Yazarlar - SDGTalking\" \/>\n<meta property=\"og:description\" content=\"The site provides its readers with current news, success stories, and significant developments related to social, economic, and environmental sustainability.\" \/>\n<meta property=\"og:url\" content=\"https:\/\/sdgtalking.com\/tr\/yazarlar\/\" \/>\n<meta property=\"og:site_name\" content=\"SDGTalking\" \/>\n<meta property=\"article:modified_time\" content=\"2024-04-06T22:05:27+00:00\" \/>\n<meta name=\"twitter:card\" content=\"summary_large_image\" \/>\n<script type=\"application\/ld+json\" class=\"yoast-schema-graph\">{\"@context\":\"https:\\\/\\\/schema.org\",\"@graph\":[{\"@type\":\"WebPage\",\"@id\":\"https:\\\/\\\/sdgtalking.com\\\/tr\\\/yazarlar\\\/\",\"url\":\"https:\\\/\\\/sdgtalking.com\\\/tr\\\/yazarlar\\\/\",\"name\":\"Yazarlar - SDGTalking\",\"isPartOf\":{\"@id\":\"https:\\\/\\\/sdgtalking.com\\\/tr\\\/#website\"},\"datePublished\":\"2019-12-25T09:08:25+00:00\",\"dateModified\":\"2024-04-06T22:05:27+00:00\",\"description\":\"The site provides its readers with current news, success stories, and significant developments related to social, economic, and environmental sustainability.\",\"breadcrumb\":{\"@id\":\"https:\\\/\\\/sdgtalking.com\\\/tr\\\/yazarlar\\\/#breadcrumb\"},\"inLanguage\":\"tr\",\"potentialAction\":[{\"@type\":\"ReadAction\",\"target\":[\"https:\\\/\\\/sdgtalking.com\\\/tr\\\/yazarlar\\\/\"]}]},{\"@type\":\"BreadcrumbList\",\"@id\":\"https:\\\/\\\/sdgtalking.com\\\/tr\\\/yazarlar\\\/#breadcrumb\",\"itemListElement\":[{\"@type\":\"ListItem\",\"position\":1,\"name\":\"Home\",\"item\":\"https:\\\/\\\/sdgtalking.com\\\/tr\\\/anasayfa\\\/\"},{\"@type\":\"ListItem\",\"position\":2,\"name\":\"Yazarlar\"}]},{\"@type\":\"WebSite\",\"@id\":\"https:\\\/\\\/sdgtalking.com\\\/tr\\\/#website\",\"url\":\"https:\\\/\\\/sdgtalking.com\\\/tr\\\/\",\"name\":\"SDGTalking\",\"description\":\"Sustainable Development Goals Talking\",\"potentialAction\":[{\"@type\":\"SearchAction\",\"target\":{\"@type\":\"EntryPoint\",\"urlTemplate\":\"https:\\\/\\\/sdgtalking.com\\\/tr\\\/?s={search_term_string}\"},\"query-input\":{\"@type\":\"PropertyValueSpecification\",\"valueRequired\":true,\"valueName\":\"search_term_string\"}}],\"inLanguage\":\"tr\"}]}<\/script>\n<!-- \/ Yoast SEO plugin. -->","yoast_head_json":{"title":"Yazarlar - SDGTalking","description":"The site provides its readers with current news, success stories, and significant developments related to social, economic, and environmental sustainability.","robots":{"index":"index","follow":"follow","max-snippet":"max-snippet:-1","max-image-preview":"max-image-preview:large","max-video-preview":"max-video-preview:-1"},"canonical":"https:\/\/sdgtalking.com\/tr\/yazarlar\/","og_locale":"tr_TR","og_type":"article","og_title":"Yazarlar - SDGTalking","og_description":"The site provides its readers with current news, success stories, and significant developments related to social, economic, and environmental sustainability.","og_url":"https:\/\/sdgtalking.com\/tr\/yazarlar\/","og_site_name":"SDGTalking","article_modified_time":"2024-04-06T22:05:27+00:00","twitter_card":"summary_large_image","schema":{"@context":"https:\/\/schema.org","@graph":[{"@type":"WebPage","@id":"https:\/\/sdgtalking.com\/tr\/yazarlar\/","url":"https:\/\/sdgtalking.com\/tr\/yazarlar\/","name":"Yazarlar - SDGTalking","isPartOf":{"@id":"https:\/\/sdgtalking.com\/tr\/#website"},"datePublished":"2019-12-25T09:08:25+00:00","dateModified":"2024-04-06T22:05:27+00:00","description":"The site provides its readers with current news, success stories, and significant developments related to social, economic, and environmental sustainability.","breadcrumb":{"@id":"https:\/\/sdgtalking.com\/tr\/yazarlar\/#breadcrumb"},"inLanguage":"tr","potentialAction":[{"@type":"ReadAction","target":["https:\/\/sdgtalking.com\/tr\/yazarlar\/"]}]},{"@type":"BreadcrumbList","@id":"https:\/\/sdgtalking.com\/tr\/yazarlar\/#breadcrumb","itemListElement":[{"@type":"ListItem","position":1,"name":"Home","item":"https:\/\/sdgtalking.com\/tr\/anasayfa\/"},{"@type":"ListItem","position":2,"name":"Yazarlar"}]},{"@type":"WebSite","@id":"https:\/\/sdgtalking.com\/tr\/#website","url":"https:\/\/sdgtalking.com\/tr\/","name":"SDGTalking","description":"Sustainable Development Goals Talking","potentialAction":[{"@type":"SearchAction","target":{"@type":"EntryPoint","urlTemplate":"https:\/\/sdgtalking.com\/tr\/?s={search_term_string}"},"query-input":{"@type":"PropertyValueSpecification","valueRequired":true,"valueName":"search_term_string"}}],"inLanguage":"tr"}]}},"tpgb_featured_images":null,"tpgb_post_meta_info":{"get_date":"Aral\u0131k 25, 2019","get_modified_date":"Nisan 6, 2024","author_name":"SDGTalking","author_url":"https:\/\/sdgtalking.com\/tr\/author\/wlxndimy\/","author_email":"info@sdgtalking.com","author_website":"","author_description":"","author_facebook":"","author_twitter":"","author_instagram":"","author_role":["administrator"],"author_firstname":"","author_lastname":"","user_login":"wlxndimy","author_avatar":"<img width=\"200\" height=\"200\" src=\"https:\/\/sdgtalking.com\/wp-content\/uploads\/2024\/01\/ico-light.png\" class=\"\" alt=\"\" size=\"200\" default=\"mm\" force_default=\"\" rating=\"g\" scheme=\"\" processed_args=\"\" extra_attr=\"\" force_display=\"\" loading=\"lazy\" fetchpriority=\"\" decoding=\"async\" found_avatar=\"1\" url=\"https:\/\/secure.gravatar.com\/avatar\/002a8b7fafbf8f6f565c2652214f86d07257b86366d979e8ee7b217e97f4e9fb?s=200&amp;d=mm&amp;r=g\" srcset=\"https:\/\/sdgtalking.com\/wp-content\/uploads\/2024\/01\/ico-light.png 161w, https:\/\/sdgtalking.com\/wp-content\/uploads\/2024\/01\/ico-light-150x150.png 150w, https:\/\/sdgtalking.com\/wp-content\/uploads\/2024\/01\/ico-light-80x80.png 80w, https:\/\/sdgtalking.com\/wp-content\/uploads\/2024\/01\/ico-light-110x110.png 110w\" sizes=\"auto, (max-width: 161px) 100vw, 161px\" \/>","author_avatar_url":"https:\/\/secure.gravatar.com\/avatar\/002a8b7fafbf8f6f565c2652214f86d07257b86366d979e8ee7b217e97f4e9fb?s=96&d=mm&r=g","comment_count":0,"post_likes":0,"post_views":0},"tpgb_post_category":[],"_links":{"self":[{"href":"https:\/\/sdgtalking.com\/tr\/wp-json\/wp\/v2\/pages\/7100","targetHints":{"allow":["GET"]}}],"collection":[{"href":"https:\/\/sdgtalking.com\/tr\/wp-json\/wp\/v2\/pages"}],"about":[{"href":"https:\/\/sdgtalking.com\/tr\/wp-json\/wp\/v2\/types\/page"}],"author":[{"embeddable":true,"href":"https:\/\/sdgtalking.com\/tr\/wp-json\/wp\/v2\/users\/1"}],"replies":[{"embeddable":true,"href":"https:\/\/sdgtalking.com\/tr\/wp-json\/wp\/v2\/comments?post=7100"}],"version-history":[{"count":2,"href":"https:\/\/sdgtalking.com\/tr\/wp-json\/wp\/v2\/pages\/7100\/revisions"}],"predecessor-version":[{"id":7106,"href":"https:\/\/sdgtalking.com\/tr\/wp-json\/wp\/v2\/pages\/7100\/revisions\/7106"}],"wp:attachment":[{"href":"https:\/\/sdgtalking.com\/tr\/wp-json\/wp\/v2\/media?parent=7100"}],"curies":[{"name":"wp","href":"https:\/\/api.w.org\/{rel}","templated":true}]}}